{"id":49,"date":"2021-11-26T10:30:11","date_gmt":"2021-11-26T10:30:11","guid":{"rendered":"http:\/\/piarichter.com\/?page_id=49"},"modified":"2022-11-03T08:37:58","modified_gmt":"2022-11-03T08:37:58","slug":"services","status":"publish","type":"page","link":"https:\/\/piarichter.com\/de\/services\/","title":{"rendered":"services"},"content":{"rendered":"<div class=\"vc_row wpb_row vc_row-fluid vc_custom_1664278608879 vc_row-o-content-top vc_row-flex\"><div class=\"wpb_column vc_column_container vc_col-sm-12\"><div class=\"vc_column-inner\"><div class=\"wpb_wrapper\"><div id=\"ultimate-heading-498369d4c99d25a1a\" class=\"uvc-heading ult-adjust-bottom-margin ultimate-heading-498369d4c99d25a1a uvc-5140  uvc-heading-default-font-sizes\" data-hspacer=\"no_spacer\"  data-halign=\"center\" style=\"text-align:center\"><div class=\"uvc-heading-spacer no_spacer\" style=\"top\"><\/div><div class=\"uvc-main-heading ult-responsive\"  data-ultimate-target='.uvc-heading.ultimate-heading-498369d4c99d25a1a h2'  data-responsive-json-new='{\"font-size\":\"\",\"line-height\":\"\"}' ><h2 style=\"--font-weight:theme;color:#ffffff;\">MEET &amp; GREET<\/h2><\/div><div class=\"uvc-sub-heading ult-responsive\"  data-ultimate-target='.uvc-heading.ultimate-heading-498369d4c99d25a1a .uvc-sub-heading '  data-responsive-json-new='{\"font-size\":\"\",\"line-height\":\"\"}'  style=\"font-weight:normal;\"><\/p>\n<h3>kostenlos (20 Min.)<\/h3>\n<p><\/div><\/div>\n\t<div class=\"wpb_text_column wpb_content_element  servicetext\" >\n\t\t<div class=\"wpb_wrapper\">\n\t\t\t<p style=\"text-align: center;\" class=\" translation-block\">In einem pers\u00f6nlichen Videocall finden wir gemeinsam heraus, wie ich Sie bei Ihrem Projekt unterst\u00fctzen kann. Sie sprechen \u00fcber Ihre Designw\u00fcnsche, stellen mir Fragen und werfen einen Blick in mein Portfolio, w\u00e4hrend ich mir einen ersten \u00dcberblick vom Auftragsumfang verschaffe. Am Ende geht es darum, ob eine Zusammenarbeit infrage kommt und welches Design-Paket zu Ihnen passt.<\/p>\n\n\t\t<\/div>\n\t<\/div>\n<style type=\"text\/css\" data-type=\"the7_shortcodes-inline-css\">#default-btn-d522e55d4edb9c98035af2cee670f526.ico-right-side > i {\n  margin-right: 0px;\n  margin-left: 8px;\n}\n#default-btn-d522e55d4edb9c98035af2cee670f526 > i {\n  margin-right: 8px;\n}\n<\/style><div class=\"btn-align-center\"><a href=\"#book\" class=\"default-btn-shortcode dt-btn dt-btn-m link-hover-off anchor-link  vc_custom_1666802771953\" id=\"default-btn-d522e55d4edb9c98035af2cee670f526\" style=\"width:200px;\" title=\"Jetzt buchen\"><span>Book your <\/br>MEET &#038; GREET<\/span><\/a><\/div><\/div><\/div><\/div><div class=\"wpb_column vc_column_container vc_col-sm-12\"><div class=\"vc_column-inner vc_custom_1638440297053\"><div class=\"wpb_wrapper\"><div id=\"ultimate-heading-154769d4c99d2601b\" class=\"uvc-heading ult-adjust-bottom-margin ultimate-heading-154769d4c99d2601b uvc-6780  uvc-heading-default-font-sizes\" data-hspacer=\"no_spacer\"  data-halign=\"center\" style=\"text-align:center\"><div class=\"uvc-heading-spacer no_spacer\" style=\"top\"><\/div><div class=\"uvc-main-heading ult-responsive\"  data-ultimate-target='.uvc-heading.ultimate-heading-154769d4c99d2601b h2'  data-responsive-json-new='{\"font-size\":\"\",\"line-height\":\"\"}' ><h2 style=\"--font-weight:theme;color:#ffffff;\">BERATUNG<\/h2><\/div><div class=\"uvc-sub-heading ult-responsive\"  data-ultimate-target='.uvc-heading.ultimate-heading-154769d4c99d2601b .uvc-sub-heading '  data-responsive-json-new='{\"font-size\":\"\",\"line-height\":\"\"}'  style=\"font-weight:normal;\"><\/p>\n<h3>500,- EUR (1,5 Std.)<\/h3>\n<p><\/div><\/div>\n\t<div class=\"wpb_text_column wpb_content_element  servicetext\" >\n\t\t<div class=\"wpb_wrapper\">\n\t\t\t<p style=\"text-align: center;\">Per Videocall. Sie f\u00fchren mich durch Ihre Wohn- oder Gesch\u00e4ftsr\u00e4umlichkeiten, damit ich mir ein genaues Bild von Ihren W\u00fcnschen und Bed\u00fcrfnissen machen kann. Wir machen uns gemeinsam Gedanken \u00fcber den vorhandenen Raum, sprechen \u00fcber Ihre Gewohnheiten, Designziele und Ihr Budget und erarbeiten die ersten gestalterischen Ideen und Vorschl\u00e4ge. Aus diesem gemeinschaftlichen Beratungsgespr\u00e4ch gehen Sie und ich mit neuen Perspektiven und jeder Menge Inspiration heraus.<\/p>\n\n\t\t<\/div>\n\t<\/div>\n<style type=\"text\/css\" data-type=\"the7_shortcodes-inline-css\">#default-btn-d522e55d4edb9c98035af2cee670f526.ico-right-side > i {\n  margin-right: 0px;\n  margin-left: 8px;\n}\n#default-btn-d522e55d4edb9c98035af2cee670f526 > i {\n  margin-right: 8px;\n}\n<\/style><div class=\"btn-align-center\"><a href=\"#book\" class=\"default-btn-shortcode dt-btn dt-btn-m link-hover-off anchor-link  vc_custom_1666802771953\" id=\"default-btn-d522e55d4edb9c98035af2cee670f526\" style=\"width:200px;\" title=\"Jetzt buchen\"><span>Book your <\/br>MEET &#038; GREET<\/span><\/a><\/div><\/div><\/div><\/div><div class=\"wpb_column vc_column_container vc_col-sm-12\"><div class=\"vc_column-inner vc_custom_1638440306386\"><div class=\"wpb_wrapper\"><div id=\"ultimate-heading-295069d4c99d262c6\" class=\"uvc-heading ult-adjust-bottom-margin ultimate-heading-295069d4c99d262c6 uvc-8409  uvc-heading-default-font-sizes\" data-hspacer=\"no_spacer\"  data-halign=\"center\" style=\"text-align:center\"><div class=\"uvc-heading-spacer no_spacer\" style=\"top\"><\/div><div class=\"uvc-main-heading ult-responsive\"  data-ultimate-target='.uvc-heading.ultimate-heading-295069d4c99d262c6 h2'  data-responsive-json-new='{\"font-size\":\"\",\"line-height\":\"\"}' ><h2 style=\"--font-weight:theme;color:#ffffff;\">KONZEPT*<\/h2><\/div><div class=\"uvc-sub-heading ult-responsive\"  data-ultimate-target='.uvc-heading.ultimate-heading-295069d4c99d262c6 .uvc-sub-heading '  data-responsive-json-new='{\"font-size\":\"\",\"line-height\":\"\"}'  style=\"font-weight:normal;\"><\/p>\n<h3>Preis auf Anfrage (4 Wochen)<\/h3>\n<p><\/div><\/div>\n\t<div class=\"wpb_text_column wpb_content_element  servicetext\" >\n\t\t<div class=\"wpb_wrapper\">\n\t\t\t<p style=\"text-align: center;\">Let\u2019s collaborate to bring your branding vision alive and translate it into the commercial\/retail space. I offer you three different concepts for you to choose from. Let\u2019s MEET &amp; GREET, and\u00a0 take it from there.<\/p>\n<p style=\"text-align: center;\">*NUR F\u00dcR GEWERBE- UND EINZELHANDELSPROJEKTE<\/p>\n\n\t\t<\/div>\n\t<\/div>\n<style type=\"text\/css\" data-type=\"the7_shortcodes-inline-css\">#default-btn-d522e55d4edb9c98035af2cee670f526.ico-right-side > i {\n  margin-right: 0px;\n  margin-left: 8px;\n}\n#default-btn-d522e55d4edb9c98035af2cee670f526 > i {\n  margin-right: 8px;\n}\n<\/style><div class=\"btn-align-center\"><a href=\"#book\" class=\"default-btn-shortcode dt-btn dt-btn-m link-hover-off anchor-link  vc_custom_1666802771953\" id=\"default-btn-d522e55d4edb9c98035af2cee670f526\" style=\"width:200px;\" title=\"Jetzt buchen\"><span>Book your <\/br>MEET &#038; GREET<\/span><\/a><\/div><\/div><\/div><\/div><div class=\"wpb_column vc_column_container vc_col-sm-12\"><div class=\"vc_column-inner vc_custom_1638440316425\"><div class=\"wpb_wrapper\"><div id=\"ultimate-heading-704369d4c99d2657b\" class=\"uvc-heading ult-adjust-bottom-margin ultimate-heading-704369d4c99d2657b uvc-474  uvc-heading-default-font-sizes\" data-hspacer=\"no_spacer\"  data-halign=\"center\" style=\"text-align:center\"><div class=\"uvc-heading-spacer no_spacer\" style=\"top\"><\/div><div class=\"uvc-main-heading ult-responsive\"  data-ultimate-target='.uvc-heading.ultimate-heading-704369d4c99d2657b h2'  data-responsive-json-new='{\"font-size\":\"\",\"line-height\":\"\"}' ><h2 style=\"--font-weight:theme;color:#ffffff;\">IHR PERSONAL SHOPPER*<\/h2><\/div><div class=\"uvc-sub-heading ult-responsive\"  data-ultimate-target='.uvc-heading.ultimate-heading-704369d4c99d2657b .uvc-sub-heading '  data-responsive-json-new='{\"font-size\":\"\",\"line-height\":\"\"}'  style=\"font-weight:normal;\"><\/p>\n<h3>1.500, - EUR (1 Tag)<\/h3>\n<p><\/div><\/div>\n\t<div class=\"wpb_text_column wpb_content_element  servicetext\" >\n\t\t<div class=\"wpb_wrapper\">\n\t\t\t<p style=\"text-align: center;\" class=\" translation-block\">Ich begleite Sie beim Einkauf, um Sie bei Ihren Design-Umsetzungen zu unterst\u00fctzen. Vom K\u00fcchen- und Badspezialisten bis hin zum M\u00f6belgesch\u00e4ft \u2013 ich berate Sie bei Ihren Kaufentscheidungen und helfe Ihnen so, Ihre Designziele zu erreichen. Lassen Sie uns gemeinsam shoppen gehen.<\/p>\n<p style=\"text-align: center;\">*NUR NYC<\/p>\n\n\t\t<\/div>\n\t<\/div>\n<style type=\"text\/css\" data-type=\"the7_shortcodes-inline-css\">#default-btn-d522e55d4edb9c98035af2cee670f526.ico-right-side > i {\n  margin-right: 0px;\n  margin-left: 8px;\n}\n#default-btn-d522e55d4edb9c98035af2cee670f526 > i {\n  margin-right: 8px;\n}\n<\/style><div class=\"btn-align-center\"><a href=\"#book\" class=\"default-btn-shortcode dt-btn dt-btn-m link-hover-off anchor-link  vc_custom_1666802771953\" id=\"default-btn-d522e55d4edb9c98035af2cee670f526\" style=\"width:200px;\" title=\"Jetzt buchen\"><span>Book your <\/br>MEET &#038; GREET<\/span><\/a><\/div><\/div><\/div><\/div><div class=\"wpb_column vc_column_container vc_col-sm-12\"><div class=\"vc_column-inner vc_custom_1646569004060\"><div class=\"wpb_wrapper\"><div id=\"ultimate-heading-123469d4c99d2682f\" class=\"uvc-heading ult-adjust-bottom-margin ultimate-heading-123469d4c99d2682f uvc-548  uvc-heading-default-font-sizes\" data-hspacer=\"no_spacer\"  data-halign=\"center\" style=\"text-align:center\"><div class=\"uvc-heading-spacer no_spacer\" style=\"top\"><\/div><div class=\"uvc-main-heading ult-responsive\"  data-ultimate-target='.uvc-heading.ultimate-heading-123469d4c99d2682f h2'  data-responsive-json-new='{\"font-size\":\"\",\"line-height\":\"\"}' ><h2 style=\"--font-weight:theme;color:#ffffff;\">KOMPLETTPAKET<\/h2><\/div><div class=\"uvc-sub-heading ult-responsive\"  data-ultimate-target='.uvc-heading.ultimate-heading-123469d4c99d2682f .uvc-sub-heading '  data-responsive-json-new='{\"font-size\":\"\",\"line-height\":\"\"}'  style=\"font-weight:normal;\"><\/p>\n<h3>Preis auf Anfrage<\/h3>\n<p><\/div><\/div>\n\t<div class=\"wpb_text_column wpb_content_element  servicetext\" >\n\t\t<div class=\"wpb_wrapper\">\n\t\t\t<p style=\"text-align: center;\">This is your turnkey solution.<br \/>\nFrom concept and design development to construction management and execution. Let\u2019s MEET &amp; GREET, and take it from there.<\/p>\n\n\t\t<\/div>\n\t<\/div>\n<style type=\"text\/css\" data-type=\"the7_shortcodes-inline-css\">#default-btn-d522e55d4edb9c98035af2cee670f526.ico-right-side > i {\n  margin-right: 0px;\n  margin-left: 8px;\n}\n#default-btn-d522e55d4edb9c98035af2cee670f526 > i {\n  margin-right: 8px;\n}\n<\/style><div class=\"btn-align-center\"><a href=\"#book\" class=\"default-btn-shortcode dt-btn dt-btn-m link-hover-off anchor-link  vc_custom_1666802771953\" id=\"default-btn-d522e55d4edb9c98035af2cee670f526\" style=\"width:200px;\" title=\"Jetzt buchen\"><span>Book your <\/br>MEET &#038; GREET<\/span><\/a><\/div><\/div><\/div><\/div><\/div><div id=\"book\" class=\"vc_row wpb_row vc_row-fluid\"><div class=\"wpb_column vc_column_container vc_col-sm-12 vc_col-lg-offset-2 vc_col-lg-8\" id=\"#calendarcolumn\"><div class=\"vc_column-inner vc_custom_1667464671134\"><div class=\"wpb_wrapper\"><div class=\"vc_separator wpb_content_element vc_separator_align_center vc_sep_width_100 vc_sep_pos_align_center vc_separator_no_text vc_sep_color_white\" ><span class=\"vc_sep_holder vc_sep_holder_l\"><span  class=\"vc_sep_line\"><\/span><\/span><span class=\"vc_sep_holder vc_sep_holder_r\"><span  class=\"vc_sep_line\"><\/span><\/span>\n<\/div><div id=\"ultimate-heading-940569d4c99d27526\" class=\"uvc-heading ult-adjust-bottom-margin ultimate-heading-940569d4c99d27526 uvc-3365  uvc-heading-default-font-sizes\" data-hspacer=\"no_spacer\"  data-halign=\"center\" style=\"text-align:center\"><div class=\"uvc-heading-spacer no_spacer\" style=\"top\"><\/div><div class=\"uvc-main-heading ult-responsive\"  data-ultimate-target='.uvc-heading.ultimate-heading-940569d4c99d27526 h2'  data-responsive-json-new='{\"font-size\":\"\",\"line-height\":\"\"}' ><h2 style=\"--font-weight:theme;color:#ffffff;margin-bottom:15px;\">book your Meet & Greet<\/h2><\/div><\/div>\n\t<div class=\"wpb_raw_code wpb_content_element wpb_raw_html vc_custom_1666803067808\" id=\"#bookingcalendar\">\n\t\t<div class=\"wpb_wrapper\">\n\t\t\t<div class=\"booked-calendar-shortcode-wrap\"><div class=\"booked-calendar-wrap large\"><div class=\"booked-calendar\" data-calendar-id=\"5\" data-calendar-date=\"2026-04-01\">\n\t\t<div class=\"bc-head\">\n\n\t\t\t\n\t\t\t<div class=\"bc-row top\">\n\t\t\t\t<div class=\"bc-col\">\n\t\t\t\t\t\t\t\t\t\t<span class=\"calendarSavingState\">\n\t\t\t\t\t\t<i class=\"fa-solid fa-circle-notch fa-spin\"><\/i>\n\t\t\t\t\t<\/span>\n\t\t\t\t\t<span class=\"monthName\">\n\t\t\t\t\t\tApril 2026\t\t\t\t\t\t\t\t\t\t\t<\/span>\n\t\t\t\t\t<a href=\"#\" data-goto=\"2026-05-01\" class=\"page-right\"><i class=\"fa-solid fa-arrow-right\"><\/i><\/a>\t\t\t\t<\/div>\n\t\t\t<\/div>\n\t\t\t<div class=\"bc-row days\">\n\t\t\t\t\t\t\t\t<div class=\"bc-col\">Mo<\/div>\n\t\t\t\t<div class=\"bc-col\">Di<\/div>\n\t\t\t\t<div class=\"bc-col\">Mi<\/div>\n\t\t\t\t<div class=\"bc-col\">Do<\/div>\n\t\t\t\t<div class=\"bc-col\">Fr<\/div>\n\t\t\t\t\t\t\t\t\t\t\t<\/div>\n\t\t<\/div>\n\t\t<div class=\"bc-body\"><div class=\"bc-row week\"><div data-date=\"2026-03-30\" class=\"bc-col prev-month prev-date\"><span class=\"date\"><span class=\"number\">30<\/span><\/span><\/div><div data-date=\"2026-03-31\" class=\"bc-col prev-month prev-date\"><span class=\"date\"><span class=\"number\">31<\/span><\/span><\/div><div data-date=\"2026-04-1\" class=\"bc-col prev-date\"><span class=\"date\"><span class=\"number\">1<\/span><\/span><\/div><div data-date=\"2026-04-2\" class=\"bc-col prev-date\"><span class=\"date\"><span class=\"number\">2<\/span><\/span><\/div><div data-date=\"2026-04-3\" class=\"bc-col prev-date\"><span class=\"date\"><span class=\"number\">3<\/span><\/span><\/div><\/div><div class=\"bc-row week\"><div data-date=\"2026-04-6\" class=\"bc-col prev-date\"><span class=\"date\"><span class=\"number\">6<\/span><\/span><\/div><div data-date=\"2026-04-7\" class=\"bc-col today prev-date\"><span class=\"date\"><span class=\"number\">7<\/span><\/span><\/div><div data-date=\"2026-04-8\" class=\"bc-col prev-date\"><span class=\"date\"><span class=\"number\">8<\/span><\/span><\/div><div data-date=\"2026-04-9\" class=\"bc-col prev-date\"><span class=\"date\"><span class=\"number\">9<\/span><\/span><\/div><div data-date=\"2026-04-10\" class=\"bc-col prev-date\"><span class=\"date\"><span class=\"number\">10<\/span><\/span><\/div><\/div><div class=\"bc-row week\"><div data-date=\"2026-04-13\" class=\"bc-col prev-date\"><span class=\"date\"><span class=\"number\">13<\/span><\/span><\/div><div data-date=\"2026-04-14\" class=\"bc-col\"><span class=\"date\"><span class=\"number\">14<\/span><\/span><\/div><div data-date=\"2026-04-15\" class=\"bc-col\"><span class=\"date\"><span class=\"number\">15<\/span><\/span><\/div><div data-date=\"2026-04-16\" class=\"bc-col\"><span class=\"date\"><span class=\"number\">16<\/span><\/span><\/div><div data-date=\"2026-04-17\" class=\"bc-col\"><span class=\"date\"><span class=\"number\">17<\/span><\/span><\/div><\/div><div class=\"bc-row week\"><div data-date=\"2026-04-20\" class=\"bc-col\"><span class=\"date\"><span class=\"number\">20<\/span><\/span><\/div><div data-date=\"2026-04-21\" class=\"bc-col\"><span class=\"date\"><span class=\"number\">21<\/span><\/span><\/div><div data-date=\"2026-04-22\" class=\"bc-col\"><span class=\"date\"><span class=\"number\">22<\/span><\/span><\/div><div data-date=\"2026-04-23\" class=\"bc-col\"><span class=\"date\"><span class=\"number\">23<\/span><\/span><\/div><div data-date=\"2026-04-24\" class=\"bc-col\"><span class=\"date\"><span class=\"number\">24<\/span><\/span><\/div><\/div><div class=\"bc-row week\"><div data-date=\"2026-04-27\" class=\"bc-col\"><span class=\"date\"><span class=\"number\">27<\/span><\/span><\/div><div data-date=\"2026-04-28\" class=\"bc-col\"><span class=\"date\"><span class=\"number\">28<\/span><\/span><\/div><div data-date=\"2026-04-29\" class=\"bc-col\"><span class=\"date\"><span class=\"number\">29<\/span><\/span><\/div><div data-date=\"2026-04-30\" class=\"bc-col\"><span class=\"date\"><span class=\"number\">30<\/span><\/span><\/div><div data-date=\"2026-05-1\" class=\"bc-col next-month\"><span class=\"date\"><span class=\"number\">1<\/span><\/span><\/div><\/div>\t\t<\/div>\n\t<\/div><\/div><\/div>\n\t\t<\/div>\n\t<\/div>\n<\/div><\/div><\/div><\/div>","protected":false},"excerpt":{"rendered":"<p>THE MEET &amp; GREET free (20 MIN) 1:1 video session to find out how I might be of service to you. You tell me about your design needs, ask me questions, peek into my portfolio, and I get a sense of the scope of work you need. Let\u2019s find out if we click and which&hellip;<\/p>","protected":false},"author":3,"featured_media":0,"parent":0,"menu_order":0,"comment_status":"closed","ping_status":"closed","template":"","meta":[],"yoast_head":"<!-- This site is optimized with the Yoast SEO plugin v19.9 - https:\/\/yoast.com\/wordpress\/plugins\/seo\/ -->\n<title>services - piarichter.com<\/title>\n<meta name=\"robots\" content=\"index, follow, max-snippet:-1, max-image-preview:large, max-video-preview:-1\" \/>\n<link rel=\"canonical\" href=\"https:\/\/piarichter.com\/de\/services\/\" \/>\n<meta property=\"og:locale\" content=\"de_DE\" \/>\n<meta property=\"og:type\" content=\"article\" \/>\n<meta property=\"og:title\" content=\"services - piarichter.com\" \/>\n<meta property=\"og:url\" content=\"https:\/\/piarichter.com\/de\/services\/\" \/>\n<meta property=\"og:site_name\" content=\"piarichter.com\" \/>\n<meta property=\"article:modified_time\" content=\"2022-11-03T08:37:58+00:00\" \/>\n<meta name=\"twitter:card\" content=\"summary_large_image\" \/>\n<meta name=\"twitter:label1\" content=\"Gesch\u00e4tzte Lesezeit\" \/>\n\t<meta name=\"twitter:data1\" content=\"3 Minuten\" \/>\n<script type=\"application\/ld+json\" class=\"yoast-schema-graph\">{\"@context\":\"https:\/\/schema.org\",\"@graph\":[{\"@type\":\"WebPage\",\"@id\":\"https:\/\/piarichter.com\/services\/\",\"url\":\"https:\/\/piarichter.com\/services\/\",\"name\":\"services - piarichter.com\",\"isPartOf\":{\"@id\":\"https:\/\/piarichter.com\/#website\"},\"datePublished\":\"2021-11-26T10:30:11+00:00\",\"dateModified\":\"2022-11-03T08:37:58+00:00\",\"breadcrumb\":{\"@id\":\"https:\/\/piarichter.com\/services\/#breadcrumb\"},\"inLanguage\":\"de-DE\",\"potentialAction\":[{\"@type\":\"ReadAction\",\"target\":[\"https:\/\/piarichter.com\/services\/\"]}]},{\"@type\":\"BreadcrumbList\",\"@id\":\"https:\/\/piarichter.com\/services\/#breadcrumb\",\"itemListElement\":[{\"@type\":\"ListItem\",\"position\":1,\"name\":\"Startseite\",\"item\":\"https:\/\/piarichter.com\/\"},{\"@type\":\"ListItem\",\"position\":2,\"name\":\"services\"}]},{\"@type\":\"WebSite\",\"@id\":\"https:\/\/piarichter.com\/#website\",\"url\":\"https:\/\/piarichter.com\/\",\"name\":\"piarichter.com\",\"description\":\"\",\"publisher\":{\"@id\":\"https:\/\/piarichter.com\/#\/schema\/person\/03fb672c4cacf1a0bb915b765a3c83ad\"},\"potentialAction\":[{\"@type\":\"SearchAction\",\"target\":{\"@type\":\"EntryPoint\",\"urlTemplate\":\"https:\/\/piarichter.com\/?s={search_term_string}\"},\"query-input\":\"required name=search_term_string\"}],\"inLanguage\":\"de-DE\"},{\"@type\":[\"Person\",\"Organization\"],\"@id\":\"https:\/\/piarichter.com\/#\/schema\/person\/03fb672c4cacf1a0bb915b765a3c83ad\",\"name\":\"Pia Richter\",\"image\":{\"@type\":\"ImageObject\",\"inLanguage\":\"de-DE\",\"@id\":\"https:\/\/piarichter.com\/#\/schema\/person\/image\/\",\"url\":\"https:\/\/secure.gravatar.com\/avatar\/44c94f9e0fae0414de13084b3d100687?s=96&d=mm&r=g\",\"contentUrl\":\"https:\/\/secure.gravatar.com\/avatar\/44c94f9e0fae0414de13084b3d100687?s=96&d=mm&r=g\",\"caption\":\"Pia Richter\"},\"logo\":{\"@id\":\"https:\/\/piarichter.com\/#\/schema\/person\/image\/\"},\"sameAs\":[\"http:\/\/piarichter.com\"]}]}<\/script>\n<!-- \/ Yoast SEO plugin. -->","yoast_head_json":{"title":"services - piarichter.com","robots":{"index":"index","follow":"follow","max-snippet":"max-snippet:-1","max-image-preview":"max-image-preview:large","max-video-preview":"max-video-preview:-1"},"canonical":"https:\/\/piarichter.com\/de\/services\/","og_locale":"de_DE","og_type":"article","og_title":"services - piarichter.com","og_url":"https:\/\/piarichter.com\/de\/services\/","og_site_name":"piarichter.com","article_modified_time":"2022-11-03T08:37:58+00:00","twitter_card":"summary_large_image","twitter_misc":{"Gesch\u00e4tzte Lesezeit":"3 Minuten"},"schema":{"@context":"https:\/\/schema.org","@graph":[{"@type":"WebPage","@id":"https:\/\/piarichter.com\/services\/","url":"https:\/\/piarichter.com\/services\/","name":"services - piarichter.com","isPartOf":{"@id":"https:\/\/piarichter.com\/#website"},"datePublished":"2021-11-26T10:30:11+00:00","dateModified":"2022-11-03T08:37:58+00:00","breadcrumb":{"@id":"https:\/\/piarichter.com\/services\/#breadcrumb"},"inLanguage":"de-DE","potentialAction":[{"@type":"ReadAction","target":["https:\/\/piarichter.com\/services\/"]}]},{"@type":"BreadcrumbList","@id":"https:\/\/piarichter.com\/services\/#breadcrumb","itemListElement":[{"@type":"ListItem","position":1,"name":"Startseite","item":"https:\/\/piarichter.com\/"},{"@type":"ListItem","position":2,"name":"services"}]},{"@type":"WebSite","@id":"https:\/\/piarichter.com\/#website","url":"https:\/\/piarichter.com\/","name":"piarichter.com","description":"","publisher":{"@id":"https:\/\/piarichter.com\/#\/schema\/person\/03fb672c4cacf1a0bb915b765a3c83ad"},"potentialAction":[{"@type":"SearchAction","target":{"@type":"EntryPoint","urlTemplate":"https:\/\/piarichter.com\/?s={search_term_string}"},"query-input":"required name=search_term_string"}],"inLanguage":"de-DE"},{"@type":["Person","Organization"],"@id":"https:\/\/piarichter.com\/#\/schema\/person\/03fb672c4cacf1a0bb915b765a3c83ad","name":"Pia Richter","image":{"@type":"ImageObject","inLanguage":"de-DE","@id":"https:\/\/piarichter.com\/#\/schema\/person\/image\/","url":"https:\/\/secure.gravatar.com\/avatar\/44c94f9e0fae0414de13084b3d100687?s=96&d=mm&r=g","contentUrl":"https:\/\/secure.gravatar.com\/avatar\/44c94f9e0fae0414de13084b3d100687?s=96&d=mm&r=g","caption":"Pia Richter"},"logo":{"@id":"https:\/\/piarichter.com\/#\/schema\/person\/image\/"},"sameAs":["http:\/\/piarichter.com"]}]}},"_links":{"self":[{"href":"https:\/\/piarichter.com\/de\/wp-json\/wp\/v2\/pages\/49"}],"collection":[{"href":"https:\/\/piarichter.com\/de\/wp-json\/wp\/v2\/pages"}],"about":[{"href":"https:\/\/piarichter.com\/de\/wp-json\/wp\/v2\/types\/page"}],"author":[{"embeddable":true,"href":"https:\/\/piarichter.com\/de\/wp-json\/wp\/v2\/users\/3"}],"replies":[{"embeddable":true,"href":"https:\/\/piarichter.com\/de\/wp-json\/wp\/v2\/comments?post=49"}],"version-history":[{"count":72,"href":"https:\/\/piarichter.com\/de\/wp-json\/wp\/v2\/pages\/49\/revisions"}],"predecessor-version":[{"id":215,"href":"https:\/\/piarichter.com\/de\/wp-json\/wp\/v2\/pages\/49\/revisions\/215"}],"wp:attachment":[{"href":"https:\/\/piarichter.com\/de\/wp-json\/wp\/v2\/media?parent=49"}],"curies":[{"name":"wp","href":"https:\/\/api.w.org\/{rel}","templated":true}]}}