{"id":29,"date":"2021-11-25T11:12:21","date_gmt":"2021-11-25T11:12:21","guid":{"rendered":"http:\/\/piarichter.com\/?page_id=29"},"modified":"2022-10-16T12:31:14","modified_gmt":"2022-10-16T12:31:14","slug":"about","status":"publish","type":"page","link":"https:\/\/piarichter.com\/de\/about\/","title":{"rendered":"about"},"content":{"rendered":"<div class=\"vc_row wpb_row vc_row-fluid vc_custom_1664275288240 vc_row-o-content-top vc_row-flex\"><div class=\"wpb_column vc_column_container vc_col-sm-3\"><div class=\"vc_column-inner\"><div class=\"wpb_wrapper\">\n\t<div  class=\"wpb_single_image wpb_content_element vc_align_center\">\n\t\t\n\t\t<figure class=\"wpb_wrapper vc_figure\">\n\t\t\t<div class=\"vc_single_image-wrapper vc_box_circle  vc_box_border_grey\"><img class=\"vc_single_image-img\" src=\"https:\/\/piarichter.com\/wp-content\/uploads\/2022\/03\/PIA-ABOUT-FOTO-553x553.jpeg\" width=\"553\" height=\"553\" alt=\"\" title=\"\"  data-dt-location=\"https:\/\/piarichter.com\/de\/about\/attachment\/pia-about-foto\/\" \/><\/div>\n\t\t<\/figure>\n\t<\/div>\n<\/div><\/div><\/div><div class=\"wpb_column vc_column_container vc_col-sm-8 vc_col-lg-offset-1\"><div class=\"vc_column-inner\"><div class=\"wpb_wrapper\"><div id=\"ultimate-heading-950969d4c923b4af8\" class=\"uvc-heading ult-adjust-bottom-margin ultimate-heading-950969d4c923b4af8 uvc-348  uvc-heading-default-font-sizes\" data-hspacer=\"no_spacer\"  data-halign=\"left\" style=\"text-align:left\"><div class=\"uvc-heading-spacer no_spacer\" style=\"top\"><\/div><div class=\"uvc-main-heading ult-responsive\"  data-ultimate-target='.uvc-heading.ultimate-heading-950969d4c923b4af8 h1'  data-responsive-json-new='{\"font-size\":\"\",\"line-height\":\"\"}' ><h1 style=\"--font-weight:theme;color:#ffffff;margin-top:0px;margin-bottom:30px;\">the pia richter<\/h1><\/div><\/div>\n\t<div class=\"wpb_text_column wpb_content_element\" >\n\t\t<div class=\"wpb_wrapper\">\n\t\t\t<p>Seit 2002 realisiert PIA RICHTER die Konzeptualisierung, das Design, die Umsetzung, Beratung und das Projektmanagement von High-End-Wohn- und Gewerbeimmobilien.<br \/>\nIhre besondere F\u00e4higkeit, die W\u00fcnsche und Bed\u00fcrfnisse ihre Kunden aufzunehmen und zu erf\u00fcllen, m\u00fcndet regelm\u00e4\u00dfig in die Gestaltung zeitloser Inneneinrichtungen, die Funktion und \u00c4sthetik miteinander kombinieren. Bei der zielsicheren Umsetzung Ihrer Vision l\u00e4sst Pia ihre umfassende Expertise sowie zwei Jahrzehnte Erfahrung im Designbereich und europ\u00e4isches Flair einflie\u00dfen.<\/p>\n\n\t\t<\/div>\n\t<\/div>\n<div class=\"vc_separator wpb_content_element vc_separator_align_center vc_sep_width_100 vc_sep_pos_align_center vc_separator_no_text vc_sep_color_white\" ><span class=\"vc_sep_holder vc_sep_holder_l\"><span  class=\"vc_sep_line\"><\/span><\/span><span class=\"vc_sep_holder vc_sep_holder_r\"><span  class=\"vc_sep_line\"><\/span><\/span>\n<\/div>\n\t<div class=\"wpb_text_column wpb_content_element\" >\n\t\t<div class=\"wpb_wrapper\">\n\t\t\t<h3>\u201c<em>Den einen universellen Ansatz gibt es nicht. Deshalb zeichnen sich all meine Projekte durch ein individuelles Design aus, das auf ihre besonderen Wohnanspr\u00fcche oder Gesch\u00e4ftsanforderungen zugeschnitten ist.<\/em> \u2013 Pia Richter<\/h3>\n\n\t\t<\/div>\n\t<\/div>\n<div class=\"vc_separator wpb_content_element vc_separator_align_center vc_sep_width_100 vc_sep_pos_align_center vc_separator_no_text vc_sep_color_white\" ><span class=\"vc_sep_holder vc_sep_holder_l\"><span  class=\"vc_sep_line\"><\/span><\/span><span class=\"vc_sep_holder vc_sep_holder_r\"><span  class=\"vc_sep_line\"><\/span><\/span>\n<\/div>\n\t<div class=\"wpb_text_column wpb_content_element\" >\n\t\t<div class=\"wpb_wrapper\">\n\t\t\t<p>Pias Leidenschaft gilt umfassenden Renovierungen und Umbauten. Dabei setzt sie ihre F\u00e4higkeit zur Visualisierung vollst\u00e4ndig ver\u00e4nderter R\u00e4umlichkeiten ein, um das Potenzial eines Grundrisses voll auszusch\u00f6pfen. Obwohl sie sich als Minimalistin versteht, hat Pia f\u00fcr ihre Kunden bereits zahlreiche Projekte mit komplexen, aufw\u00e4ndigen Designs umgesetzt, ohne ihre \u00e4sthetischen Grunds\u00e4tze aufzugeben. Bei jedem Projekt legt Pia Richter gro\u00dfen Wert auf eine enge Zusammenarbeit zwischen Kunde und Designer, um sicherzustellen, dass die Erwartungen nicht nur erf\u00fcllt, sondern \u00fcbertroffen werden.<\/p>\n\n\t\t<\/div>\n\t<\/div>\n\n\t<div class=\"wpb_text_column wpb_content_element\" >\n\t\t<div class=\"wpb_wrapper\">\n\t\t\t<p>Ihre umfassende Erfahrung in der Gestaltung von Gewerbe- und Wohnr\u00e4umen versetzt Pia in die Lage, kleine und gro\u00dfe Projekte fristgem\u00e4\u00df und budgetgerecht umzusetzen.\nVon der Konzeption \u00fcber die Designentwicklung bis zum Baumanagement entwirft und leitet Pia jedes Projekt mit Effizienz und der F\u00e4higkeit, Probleme vor Ort innerhalb k\u00fcrzester Zeit zu l\u00f6sen.<\/p>\n\n\t\t<\/div>\n\t<\/div>\n\n\t<div class=\"wpb_text_column wpb_content_element\" >\n\t\t<div class=\"wpb_wrapper\">\n\t\t\t<p>Als Designerin und Beraterin hat sie an zahlreichen Branding-Initiativen f\u00fcr Retail-Design-Konzepte mitgewirkt, unter anderem f\u00fcr Tiffany &amp; Co., Swich Pressed Sandwiches und Delos Capital.<\/p>\n\n\t\t<\/div>\n\t<\/div>\n\n\t<div class=\"wpb_text_column wpb_content_element\" >\n\t\t<div class=\"wpb_wrapper\">\n\t\t\t<p>Vor der Gr\u00fcndung ihres eigenen Designstudios war Pia als Designmanagerin f\u00fcr Ladengesch\u00e4fte beim Juwelier Tiffany &amp; Co. in New York t\u00e4tig, wo sie Konzepte f\u00fcr Neuer\u00f6ffnungen und Umbauten im In- und Ausland entwickelte und umsetzte. Sie war auch an der Entwicklung des neuen Store-Designkonzepts f\u00fcr Tiffany &amp; Co. beteiligt, das 2011 weltweit umgesetzt wurde.\n\nPia Richter begann ihre berufliche Laufbahn 2002 als Innenarchitektin und Projektmanagerin bei der Kreativagentur The Apartment in New York.\nPia hat ein Bachelorstudium im Fach Interior Design an der Middlesex University in London absolviert. In ihrer Abschlussarbeit befasste sie sich mit der Gestaltung eines ambulanten Therapiezentrums f\u00fcr Menschen mit psychischen Erkrankungen. Sie studierte au\u00dferdem Franz\u00f6sisch und Kunstgeschichte am Institut Catholique in Paris.\nPia ist f\u00fcr ihre aufgeschlossene Art und ihren Humor bekannt und setzt jedes Projekt mit Enthusiasmus, Leidenschaft, Optimismus und einem unfehlbaren Sinn f\u00fcr \u00c4sthetik um.\nDerzeit lebt sie mit ihrer Tochter und der Englischen Bulldogge Penny in New York City. Sie spricht flie\u00dfend Deutsch und Englisch.<\/p>\n\n\t\t<\/div>\n\t<\/div>\n\n\t<div class=\"wpb_text_column wpb_content_element\" >\n\t\t<div class=\"wpb_wrapper\">\n\t\t\t<p>Vereinbaren Sie noch heute einen Termin f\u00fcr ein <a href=\"https:\/\/piarichter.com\/de\/services\/\">MEET AND GREET<\/a> , um Pia pers\u00f6nlich kennenzulernen.<\/p>\n\n\t\t<\/div>\n\t<\/div>\n<\/div><\/div><\/div><\/div>","protected":false},"excerpt":{"rendered":"<p>the pia richter PIA RICHTER has been conceptualizing, designing, executing, consulting on, and project managing high-end commercial and residential projects since 2002. Pia has the unique ability to listen to her clients and to understand their needs, creating timeless interiors that combine practicality and beautiful design. Using her expertise, she will execute your vision while&hellip;<\/p>","protected":false},"author":3,"featured_media":0,"parent":0,"menu_order":0,"comment_status":"closed","ping_status":"closed","template":"","meta":[],"yoast_head":"<!-- This site is optimized with the Yoast SEO plugin v19.9 - https:\/\/yoast.com\/wordpress\/plugins\/seo\/ -->\n<title>about - piarichter.com<\/title>\n<meta name=\"robots\" content=\"index, follow, max-snippet:-1, max-image-preview:large, max-video-preview:-1\" \/>\n<link rel=\"canonical\" href=\"https:\/\/piarichter.com\/de\/about\/\" \/>\n<meta property=\"og:locale\" content=\"de_DE\" \/>\n<meta property=\"og:type\" content=\"article\" \/>\n<meta property=\"og:title\" content=\"about - piarichter.com\" \/>\n<meta property=\"og:url\" content=\"https:\/\/piarichter.com\/de\/about\/\" \/>\n<meta property=\"og:site_name\" content=\"piarichter.com\" \/>\n<meta property=\"article:modified_time\" content=\"2022-10-16T12:31:14+00:00\" \/>\n<meta name=\"twitter:card\" content=\"summary_large_image\" \/>\n<meta name=\"twitter:label1\" content=\"Gesch\u00e4tzte Lesezeit\" \/>\n\t<meta name=\"twitter:data1\" content=\"3 Minuten\" \/>\n<script type=\"application\/ld+json\" class=\"yoast-schema-graph\">{\"@context\":\"https:\/\/schema.org\",\"@graph\":[{\"@type\":\"WebPage\",\"@id\":\"https:\/\/piarichter.com\/about\/\",\"url\":\"https:\/\/piarichter.com\/about\/\",\"name\":\"about - piarichter.com\",\"isPartOf\":{\"@id\":\"https:\/\/piarichter.com\/#website\"},\"datePublished\":\"2021-11-25T11:12:21+00:00\",\"dateModified\":\"2022-10-16T12:31:14+00:00\",\"breadcrumb\":{\"@id\":\"https:\/\/piarichter.com\/about\/#breadcrumb\"},\"inLanguage\":\"de-DE\",\"potentialAction\":[{\"@type\":\"ReadAction\",\"target\":[\"https:\/\/piarichter.com\/about\/\"]}]},{\"@type\":\"BreadcrumbList\",\"@id\":\"https:\/\/piarichter.com\/about\/#breadcrumb\",\"itemListElement\":[{\"@type\":\"ListItem\",\"position\":1,\"name\":\"Startseite\",\"item\":\"https:\/\/piarichter.com\/\"},{\"@type\":\"ListItem\",\"position\":2,\"name\":\"about\"}]},{\"@type\":\"WebSite\",\"@id\":\"https:\/\/piarichter.com\/#website\",\"url\":\"https:\/\/piarichter.com\/\",\"name\":\"piarichter.com\",\"description\":\"\",\"publisher\":{\"@id\":\"https:\/\/piarichter.com\/#\/schema\/person\/03fb672c4cacf1a0bb915b765a3c83ad\"},\"potentialAction\":[{\"@type\":\"SearchAction\",\"target\":{\"@type\":\"EntryPoint\",\"urlTemplate\":\"https:\/\/piarichter.com\/?s={search_term_string}\"},\"query-input\":\"required name=search_term_string\"}],\"inLanguage\":\"de-DE\"},{\"@type\":[\"Person\",\"Organization\"],\"@id\":\"https:\/\/piarichter.com\/#\/schema\/person\/03fb672c4cacf1a0bb915b765a3c83ad\",\"name\":\"Pia Richter\",\"image\":{\"@type\":\"ImageObject\",\"inLanguage\":\"de-DE\",\"@id\":\"https:\/\/piarichter.com\/#\/schema\/person\/image\/\",\"url\":\"https:\/\/secure.gravatar.com\/avatar\/44c94f9e0fae0414de13084b3d100687?s=96&d=mm&r=g\",\"contentUrl\":\"https:\/\/secure.gravatar.com\/avatar\/44c94f9e0fae0414de13084b3d100687?s=96&d=mm&r=g\",\"caption\":\"Pia Richter\"},\"logo\":{\"@id\":\"https:\/\/piarichter.com\/#\/schema\/person\/image\/\"},\"sameAs\":[\"http:\/\/piarichter.com\"]}]}<\/script>\n<!-- \/ Yoast SEO plugin. -->","yoast_head_json":{"title":"about - piarichter.com","robots":{"index":"index","follow":"follow","max-snippet":"max-snippet:-1","max-image-preview":"max-image-preview:large","max-video-preview":"max-video-preview:-1"},"canonical":"https:\/\/piarichter.com\/de\/about\/","og_locale":"de_DE","og_type":"article","og_title":"about - piarichter.com","og_url":"https:\/\/piarichter.com\/de\/about\/","og_site_name":"piarichter.com","article_modified_time":"2022-10-16T12:31:14+00:00","twitter_card":"summary_large_image","twitter_misc":{"Gesch\u00e4tzte Lesezeit":"3 Minuten"},"schema":{"@context":"https:\/\/schema.org","@graph":[{"@type":"WebPage","@id":"https:\/\/piarichter.com\/about\/","url":"https:\/\/piarichter.com\/about\/","name":"about - piarichter.com","isPartOf":{"@id":"https:\/\/piarichter.com\/#website"},"datePublished":"2021-11-25T11:12:21+00:00","dateModified":"2022-10-16T12:31:14+00:00","breadcrumb":{"@id":"https:\/\/piarichter.com\/about\/#breadcrumb"},"inLanguage":"de-DE","potentialAction":[{"@type":"ReadAction","target":["https:\/\/piarichter.com\/about\/"]}]},{"@type":"BreadcrumbList","@id":"https:\/\/piarichter.com\/about\/#breadcrumb","itemListElement":[{"@type":"ListItem","position":1,"name":"Startseite","item":"https:\/\/piarichter.com\/"},{"@type":"ListItem","position":2,"name":"about"}]},{"@type":"WebSite","@id":"https:\/\/piarichter.com\/#website","url":"https:\/\/piarichter.com\/","name":"piarichter.com","description":"","publisher":{"@id":"https:\/\/piarichter.com\/#\/schema\/person\/03fb672c4cacf1a0bb915b765a3c83ad"},"potentialAction":[{"@type":"SearchAction","target":{"@type":"EntryPoint","urlTemplate":"https:\/\/piarichter.com\/?s={search_term_string}"},"query-input":"required name=search_term_string"}],"inLanguage":"de-DE"},{"@type":["Person","Organization"],"@id":"https:\/\/piarichter.com\/#\/schema\/person\/03fb672c4cacf1a0bb915b765a3c83ad","name":"Pia Richter","image":{"@type":"ImageObject","inLanguage":"de-DE","@id":"https:\/\/piarichter.com\/#\/schema\/person\/image\/","url":"https:\/\/secure.gravatar.com\/avatar\/44c94f9e0fae0414de13084b3d100687?s=96&d=mm&r=g","contentUrl":"https:\/\/secure.gravatar.com\/avatar\/44c94f9e0fae0414de13084b3d100687?s=96&d=mm&r=g","caption":"Pia Richter"},"logo":{"@id":"https:\/\/piarichter.com\/#\/schema\/person\/image\/"},"sameAs":["http:\/\/piarichter.com"]}]}},"_links":{"self":[{"href":"https:\/\/piarichter.com\/de\/wp-json\/wp\/v2\/pages\/29"}],"collection":[{"href":"https:\/\/piarichter.com\/de\/wp-json\/wp\/v2\/pages"}],"about":[{"href":"https:\/\/piarichter.com\/de\/wp-json\/wp\/v2\/types\/page"}],"author":[{"embeddable":true,"href":"https:\/\/piarichter.com\/de\/wp-json\/wp\/v2\/users\/3"}],"replies":[{"embeddable":true,"href":"https:\/\/piarichter.com\/de\/wp-json\/wp\/v2\/comments?post=29"}],"version-history":[{"count":30,"href":"https:\/\/piarichter.com\/de\/wp-json\/wp\/v2\/pages\/29\/revisions"}],"predecessor-version":[{"id":173,"href":"https:\/\/piarichter.com\/de\/wp-json\/wp\/v2\/pages\/29\/revisions\/173"}],"wp:attachment":[{"href":"https:\/\/piarichter.com\/de\/wp-json\/wp\/v2\/media?parent=29"}],"curies":[{"name":"wp","href":"https:\/\/api.w.org\/{rel}","templated":true}]}}